{"id":188,"date":"2019-06-25T16:41:34","date_gmt":"2019-06-25T14:41:34","guid":{"rendered":"http:\/\/eurogaleria.sk\/?page_id=188"},"modified":"2019-06-25T16:58:55","modified_gmt":"2019-06-25T14:58:55","slug":"kontakt-2","status":"publish","type":"page","link":"http:\/\/eurogaleria.sk\/?page_id=188","title":{"rendered":"Kontakt"},"content":{"rendered":"\n<p style=\"text-align:center\" class=\"has-text-color has-black-color\">V pr\u00edpade ak\u00fdchko\u013evek ot\u00e1zok ma nev\u00e1hajte kontaktova\u0165 na <\/p>\n\n\n\n<p style=\"text-align:center\"><a href=\"mailto:eurogaleria@eurogaleria.sk\">eurogaleria@eurogaleria.sk<\/a>. <\/p>\n","protected":false},"excerpt":{"rendered":"<p>V pr\u00edpade ak\u00fdchko\u013evek ot\u00e1zok ma nev\u00e1hajte kontaktova\u0165 na eurogaleria@eurogaleria.sk.<\/p>\n","protected":false},"author":3,"featured_media":0,"parent":0,"menu_order":0,"comment_status":"closed","ping_status":"closed","template":"","meta":[],"_links":{"self":[{"href":"http:\/\/eurogaleria.sk\/index.php?rest_route=\/wp\/v2\/pages\/188"}],"collection":[{"href":"http:\/\/eurogaleria.sk\/index.php?rest_route=\/wp\/v2\/pages"}],"about":[{"href":"http:\/\/eurogaleria.sk\/index.php?rest_route=\/wp\/v2\/types\/page"}],"author":[{"embeddable":true,"href":"http:\/\/eurogaleria.sk\/index.php?rest_route=\/wp\/v2\/users\/3"}],"replies":[{"embeddable":true,"href":"http:\/\/eurogaleria.sk\/index.php?rest_route=%2Fwp%2Fv2%2Fcomments&post=188"}],"version-history":[{"count":4,"href":"http:\/\/eurogaleria.sk\/index.php?rest_route=\/wp\/v2\/pages\/188\/revisions"}],"predecessor-version":[{"id":193,"href":"http:\/\/eurogaleria.sk\/index.php?rest_route=\/wp\/v2\/pages\/188\/revisions\/193"}],"wp:attachment":[{"href":"http:\/\/eurogaleria.sk\/index.php?rest_route=%2Fwp%2Fv2%2Fmedia&parent=188"}],"curies":[{"name":"wp","href":"https:\/\/api.w.org\/{rel}","templated":true}]}}