{"id":241,"date":"2019-06-25T20:52:58","date_gmt":"2019-06-25T18:52:58","guid":{"rendered":"http:\/\/eurogaleria.sk\/?page_id=241"},"modified":"2019-07-07T11:18:27","modified_gmt":"2019-07-07T09:18:27","slug":"eurogaleria","status":"publish","type":"page","link":"https:\/\/eurogaleria.sk\/?page_id=241","title":{"rendered":"Eurogal\u00e9ria"},"content":{"rendered":"\n<p><\/p>\n\n\n\n<p style=\"text-align:center\">Firma <strong>Eurogal\u00e9ria <\/strong>sa aktu\u00e1lne zaober\u00e1 predajom staro\u017eitnost\u00ed a zberate\u013esk\u00fdch predmetov. <\/p>\n\n\n\n<p style=\"text-align:center\">Po\u0161tovn\u00e9, baln\u00e9, da\u0148, autorsk\u00e1 odmena a in\u00e9 poplatky s\u00fa zahrnut\u00e9 v celkovej v\u00fdslednej cene. <\/p>\n\n\n\n<hr class=\"wp-block-separator\"\/>\n\n\n\n<p style=\"text-align:center\">V pr\u00edpade, ak V\u00e1s nie\u010do z na\u0161ej ponuky oslovilo, kontaktujte n\u00e1s na  <a href=\"mailto:eurogaleria@eurogaleria.sk\">eurogaleria@eurogaleria.sk<\/a> .<\/p>\n\n\n\n<hr class=\"wp-block-separator\"\/>\n\n\n\n<p style=\"text-align:center\"><strong>Aktu\u00e1lna ponuka: <\/strong><\/p>\n\n\n\n<div class=\"wp-block-nk-visual-portfolio\">\n        <div class=\"vp-portfolio vp-uid-9397c6bf vp-id-338 \"\n            data-vp-layout=\"masonry\" data-vp-items-style=\"fade\" data-vp-items-click-action=\"popup_gallery\" data-vp-items-gap=\"4\" data-vp-pagination=\"load-more\" data-vp-next-page-url=\"\" data-vp-masonry-columns=\"2\"         >\n            <div class=\"vp-portfolio__preloader-wrap\">\n                <div class=\"vp-portfolio__preloader\"><span><\/span><span><\/span><span><\/span><span><\/span><i><\/i><\/div>\n            <\/div>\n\n                <div class=\"vp-portfolio__filter-wrap\">\n        \n<ul class=\"vp-filter vp-filter__align-center vp-filter__style-default\">\n            <li class=\"vp-filter__item vp-filter__item-active\">\n            <a href=\"https:\/\/eurogaleria.sk\/?rest_route=%2Fwp%2Fv2%2Fpages%2F241\" data-vp-filter=\"*\">\n                V\u0161etko\n                            <\/a>\n        <\/li>\n                <li class=\"vp-filter__item\">\n            <a href=\"https:\/\/eurogaleria.sk\/?rest_route=%2Fwp%2Fv2%2Fpages%2F241&#038;vp_filter=porcelan\" data-vp-filter=\"porcelan\">\n                Porcel\u00e1n\n                            <\/a>\n        <\/li>\n                <li class=\"vp-filter__item\">\n            <a href=\"https:\/\/eurogaleria.sk\/?rest_route=%2Fwp%2Fv2%2Fpages%2F241&#038;vp_filter=obrazy\" data-vp-filter=\"obrazy\">\n                Obrazy\n                            <\/a>\n        <\/li>\n        <\/ul>\n        <\/div>\n        \n        <div class=\"vp-portfolio__items-wrap\">\n            <div class=\"vp-portfolio__items vp-portfolio__items-style-fade\">\n                \n        <div class=\"vp-portfolio__item-wrap\" data-vp-filter=\"porcelan\">\n                            <div class=\"vp-portfolio__item-popup\"\n                    style=\"display: none;\"\n                    data-vp-popup-img=\"https:\/\/eurogaleria.sk\/wp-content\/uploads\/2019\/07\/Majolika-Majolica.jpg\"\n                    data-vp-popup-img-size=\"1544x1080\"\n                    data-vp-popup-md-img=\"https:\/\/eurogaleria.sk\/wp-content\/uploads\/2019\/07\/Majolika-Majolica-800x560.jpg\"\n                    data-vp-popup-md-img-size=\"800x560\"\n                >\n                                            <h3 class=\"vp-portfolio__item-popup-title\">Majolika ( Majolica)<\/h3>\n                                                <div class=\"vp-portfolio__item-popup-description\">Wilhem Schiller a syn , \u010cesk\u00e1 republika, Cena: 1.450 USD <\/div>\n                                        <\/div>\n                            <figure class=\"vp-portfolio__item\">\n                \n<div class=\"vp-portfolio__item-img-wrap\">\n    <div class=\"vp-portfolio__item-img\">\n                    <a href=\"https:\/\/eurogaleria.sk\/wp-content\/uploads\/2019\/07\/Majolika-Majolica.jpg\"\n                            >\n                <noscript><img width=\"1544\" height=\"1080\" src=\"https:\/\/eurogaleria.sk\/wp-content\/uploads\/2019\/07\/Majolika-Majolica.jpg\" class=\"attachment-vp_xl size-vp_xl\" alt=\"\" srcset=\"https:\/\/eurogaleria.sk\/wp-content\/uploads\/2019\/07\/Majolika-Majolica.jpg 1544w, https:\/\/eurogaleria.sk\/wp-content\/uploads\/2019\/07\/Majolika-Majolica-300x210.jpg 300w, https:\/\/eurogaleria.sk\/wp-content\/uploads\/2019\/07\/Majolika-Majolica-768x537.jpg 768w, https:\/\/eurogaleria.sk\/wp-content\/uploads\/2019\/07\/Majolika-Majolica-1024x716.jpg 1024w, https:\/\/eurogaleria.sk\/wp-content\/uploads\/2019\/07\/Majolika-Majolica-500x350.jpg 500w, https:\/\/eurogaleria.sk\/wp-content\/uploads\/2019\/07\/Majolika-Majolica-800x560.jpg 800w, https:\/\/eurogaleria.sk\/wp-content\/uploads\/2019\/07\/Majolika-Majolica-1280x895.jpg 1280w\" sizes=\"(max-width: 1544px) 100vw, 1544px\" \/><\/noscript>\n                <img width=\"1544\" height=\"1080\" src=\"data:image\/png;base64,iVBORw0KGgoAAAANSUhEUgAABggAAAQ4AQMAAADmQcU1AAAAA1BMVEUAAP+KeNJXAAAAAXRSTlMAQObYZgAAAOJJREFUeNrtwYEAAAAAw6D5U1\/gCFUBAAAAAAAAAAAAAAAAAAAAAAAAAAAAAAAAAAAAAAAAAAAAAAAAAAAAAAAAAAAAAAAAAAAAAAAAAAAAAAAAAAAAAAAAAAAAAAAAAAAAAAAAAAAAAAAAAAAAAAAAAAAAAAAAAAAAAAAAAAAAAAAAAAAAAAAAAAAAAAAAAAAAAAAAAAAAAAAAAAAAAAAAAAAAAAAAAAAAAAAAAAAAAAAAAAAAAAAAAAAAAAAAAAAAAAAAAAAAAAAAAAAAAAAAAAAAAAAAAAAAAAAAAAAAAHwDMp0AAfrIZx4AAAAASUVORK5CYII=\" class=\"attachment-vp_xl size-vp_xl visual-portfolio-lazyload\" alt=\"\" data-vpf-src=\"https:\/\/eurogaleria.sk\/wp-content\/uploads\/2019\/07\/Majolika-Majolica.jpg\" data-vpf-sizes=\"auto\" data-vpf-srcset=\"https:\/\/eurogaleria.sk\/wp-content\/uploads\/2019\/07\/Majolika-Majolica.jpg 1544w, https:\/\/eurogaleria.sk\/wp-content\/uploads\/2019\/07\/Majolika-Majolica-300x210.jpg 300w, https:\/\/eurogaleria.sk\/wp-content\/uploads\/2019\/07\/Majolika-Majolica-768x537.jpg 768w, https:\/\/eurogaleria.sk\/wp-content\/uploads\/2019\/07\/Majolika-Majolica-1024x716.jpg 1024w, https:\/\/eurogaleria.sk\/wp-content\/uploads\/2019\/07\/Majolika-Majolica-500x350.jpg 500w, https:\/\/eurogaleria.sk\/wp-content\/uploads\/2019\/07\/Majolika-Majolica-800x560.jpg 800w, https:\/\/eurogaleria.sk\/wp-content\/uploads\/2019\/07\/Majolika-Majolica-1280x895.jpg 1280w\" \/>            <\/a>\n                <\/div>\n<\/div>\n\n<figcaption class=\"vp-portfolio__item-overlay vp-portfolio__item-align-center\">\n    <a                    href=\"https:\/\/eurogaleria.sk\/wp-content\/uploads\/2019\/07\/Majolika-Majolica.jpg\"\n                            class=\"vp-portfolio__item-meta\">\n\n                                    <h2 class=\"vp-portfolio__item-meta-title\">\n                    Majolika ( Majolica)                <\/h2>\n                                <ul class=\"vp-portfolio__item-meta-categories\">\n                                            <li class=\"vp-portfolio__item-meta-category\">\n                            <span>Porcel\u00e1n<\/span>\n                        <\/li>\n                                        <\/ul>\n                            <\/a>\n<\/figcaption>\n            <\/figure>\n        <\/div>\n        \n        <div class=\"vp-portfolio__item-wrap\" data-vp-filter=\"obrazy\">\n                            <div class=\"vp-portfolio__item-popup\"\n                    style=\"display: none;\"\n                    data-vp-popup-img=\"https:\/\/eurogaleria.sk\/wp-content\/uploads\/2019\/07\/Lo\u010f-The-Boat.jpg\"\n                    data-vp-popup-img-size=\"1226x1084\"\n                    data-vp-popup-md-img=\"https:\/\/eurogaleria.sk\/wp-content\/uploads\/2019\/07\/Lo\u010f-The-Boat-800x707.jpg\"\n                    data-vp-popup-md-img-size=\"800x707\"\n                >\n                                            <h3 class=\"vp-portfolio__item-popup-title\">Lo\u010f (The Boat)<\/h3>\n                                                <div class=\"vp-portfolio__item-popup-description\">Giovanni MARINI (1860-1932)  olej , pl\u00e1tno, Cena: 550 USD<\/div>\n                                        <\/div>\n                            <figure class=\"vp-portfolio__item\">\n                \n<div class=\"vp-portfolio__item-img-wrap\">\n    <div class=\"vp-portfolio__item-img\">\n                    <a href=\"https:\/\/eurogaleria.sk\/wp-content\/uploads\/2019\/07\/Lo\u010f-The-Boat.jpg\"\n                            >\n                <noscript><img width=\"1226\" height=\"1084\" src=\"https:\/\/eurogaleria.sk\/wp-content\/uploads\/2019\/07\/Lo\u010f-The-Boat.jpg\" class=\"attachment-vp_xl size-vp_xl\" alt=\"\" srcset=\"https:\/\/eurogaleria.sk\/wp-content\/uploads\/2019\/07\/Lo\u010f-The-Boat.jpg 1226w, https:\/\/eurogaleria.sk\/wp-content\/uploads\/2019\/07\/Lo\u010f-The-Boat-300x265.jpg 300w, https:\/\/eurogaleria.sk\/wp-content\/uploads\/2019\/07\/Lo\u010f-The-Boat-768x679.jpg 768w, https:\/\/eurogaleria.sk\/wp-content\/uploads\/2019\/07\/Lo\u010f-The-Boat-1024x905.jpg 1024w, https:\/\/eurogaleria.sk\/wp-content\/uploads\/2019\/07\/Lo\u010f-The-Boat-500x442.jpg 500w, https:\/\/eurogaleria.sk\/wp-content\/uploads\/2019\/07\/Lo\u010f-The-Boat-800x707.jpg 800w\" sizes=\"(max-width: 1226px) 100vw, 1226px\" \/><\/noscript>\n                <img width=\"1226\" height=\"1084\" src=\"data:image\/png;base64,iVBORw0KGgoAAAANSUhEUgAABMoAAAQ8AQMAAABZ9uB+AAAAA1BMVEUAAP+KeNJXAAAAAXRSTlMAQObYZgAAALpJREFUeNrtwTEBAAAAwqD1T20IX6AAAAAAAAAAAAAAAAAAAAAAAAAAAAAAAAAAAAAAAAAAAAAAAAAAAAAAAAAAAAAAAAAAAAAAAAAAAAAAAAAAAAAAAAAAAAAAAAAAAAAAAAAAAAAAAAAAAAAAAAAAAAAAAAAAAAAAAAAAAAAAAAAAAAAAAAAAAAAAAAAAAAAAAAAAAAAAAAAAAAAAAAAAAAAAAAAAAAAAAAAAAAAAAAAAAAAAAACAxwCQcgAB+s3YyAAAAABJRU5ErkJggg==\" class=\"attachment-vp_xl size-vp_xl visual-portfolio-lazyload\" alt=\"\" data-vpf-src=\"https:\/\/eurogaleria.sk\/wp-content\/uploads\/2019\/07\/Lo\u010f-The-Boat.jpg\" data-vpf-sizes=\"auto\" data-vpf-srcset=\"https:\/\/eurogaleria.sk\/wp-content\/uploads\/2019\/07\/Lo\u010f-The-Boat.jpg 1226w, https:\/\/eurogaleria.sk\/wp-content\/uploads\/2019\/07\/Lo\u010f-The-Boat-300x265.jpg 300w, https:\/\/eurogaleria.sk\/wp-content\/uploads\/2019\/07\/Lo\u010f-The-Boat-768x679.jpg 768w, https:\/\/eurogaleria.sk\/wp-content\/uploads\/2019\/07\/Lo\u010f-The-Boat-1024x905.jpg 1024w, https:\/\/eurogaleria.sk\/wp-content\/uploads\/2019\/07\/Lo\u010f-The-Boat-500x442.jpg 500w, https:\/\/eurogaleria.sk\/wp-content\/uploads\/2019\/07\/Lo\u010f-The-Boat-800x707.jpg 800w\" \/>            <\/a>\n                <\/div>\n<\/div>\n\n<figcaption class=\"vp-portfolio__item-overlay vp-portfolio__item-align-center\">\n    <a                    href=\"https:\/\/eurogaleria.sk\/wp-content\/uploads\/2019\/07\/Lo\u010f-The-Boat.jpg\"\n                            class=\"vp-portfolio__item-meta\">\n\n                                    <h2 class=\"vp-portfolio__item-meta-title\">\n                    Lo\u010f (The Boat)                <\/h2>\n                                <ul class=\"vp-portfolio__item-meta-categories\">\n                                            <li class=\"vp-portfolio__item-meta-category\">\n                            <span>Obrazy<\/span>\n                        <\/li>\n                                        <\/ul>\n                            <\/a>\n<\/figcaption>\n            <\/figure>\n        <\/div>\n        \n        <div class=\"vp-portfolio__item-wrap\" data-vp-filter=\"porcelan\">\n                            <div class=\"vp-portfolio__item-popup\"\n                    style=\"display: none;\"\n                    data-vp-popup-img=\"https:\/\/eurogaleria.sk\/wp-content\/uploads\/2019\/07\/Vt\u00e1\u010dik-The-bird.jpg\"\n                    data-vp-popup-img-size=\"1220x1136\"\n                    data-vp-popup-md-img=\"https:\/\/eurogaleria.sk\/wp-content\/uploads\/2019\/07\/Vt\u00e1\u010dik-The-bird-800x745.jpg\"\n                    data-vp-popup-md-img-size=\"800x745\"\n                >\n                                            <h3 class=\"vp-portfolio__item-popup-title\">Vt\u00e1\u010dik (The bird)<\/h3>\n                                                <div class=\"vp-portfolio__item-popup-description\">Royal Worcester, Anglicko, Cena: 170 USD<\/div>\n                                        <\/div>\n                            <figure class=\"vp-portfolio__item\">\n                \n<div class=\"vp-portfolio__item-img-wrap\">\n    <div class=\"vp-portfolio__item-img\">\n                    <a href=\"https:\/\/eurogaleria.sk\/wp-content\/uploads\/2019\/07\/Vt\u00e1\u010dik-The-bird.jpg\"\n                            >\n                <noscript><img width=\"1220\" height=\"1136\" src=\"https:\/\/eurogaleria.sk\/wp-content\/uploads\/2019\/07\/Vt\u00e1\u010dik-The-bird.jpg\" class=\"attachment-vp_xl size-vp_xl\" alt=\"\" srcset=\"https:\/\/eurogaleria.sk\/wp-content\/uploads\/2019\/07\/Vt\u00e1\u010dik-The-bird.jpg 1220w, https:\/\/eurogaleria.sk\/wp-content\/uploads\/2019\/07\/Vt\u00e1\u010dik-The-bird-300x279.jpg 300w, https:\/\/eurogaleria.sk\/wp-content\/uploads\/2019\/07\/Vt\u00e1\u010dik-The-bird-768x715.jpg 768w, https:\/\/eurogaleria.sk\/wp-content\/uploads\/2019\/07\/Vt\u00e1\u010dik-The-bird-1024x953.jpg 1024w, https:\/\/eurogaleria.sk\/wp-content\/uploads\/2019\/07\/Vt\u00e1\u010dik-The-bird-500x466.jpg 500w, https:\/\/eurogaleria.sk\/wp-content\/uploads\/2019\/07\/Vt\u00e1\u010dik-The-bird-800x745.jpg 800w\" sizes=\"(max-width: 1220px) 100vw, 1220px\" \/><\/noscript>\n                <img width=\"1220\" height=\"1136\" src=\"data:image\/png;base64,iVBORw0KGgoAAAANSUhEUgAABMQAAARwAQMAAAA\/pRraAAAAA1BMVEUAAP+KeNJXAAAAAXRSTlMAQObYZgAAAMBJREFUeNrtwYEAAAAAw6D5Ux\/gClUBAAAAAAAAAAAAAAAAAAAAAAAAAAAAAAAAAAAAAAAAAAAAAAAAAAAAAAAAAAAAAAAAAAAAAAAAAAAAAAAAAAAAAAAAAAAAAAAAAAAAAAAAAAAAAAAAAAAAAAAAAAAAAAAAAAAAAAAAAAAAAAAAAAAAAAAAAAAAAAAAAAAAAAAAAAAAAAAAAAAAAAAAAAAAAAAAAAAAAAAAAAAAAAAAAAAAAAAAAAAAAAAAwBurfgABX6e9nAAAAABJRU5ErkJggg==\" class=\"attachment-vp_xl size-vp_xl visual-portfolio-lazyload\" alt=\"\" data-vpf-src=\"https:\/\/eurogaleria.sk\/wp-content\/uploads\/2019\/07\/Vt\u00e1\u010dik-The-bird.jpg\" data-vpf-sizes=\"auto\" data-vpf-srcset=\"https:\/\/eurogaleria.sk\/wp-content\/uploads\/2019\/07\/Vt\u00e1\u010dik-The-bird.jpg 1220w, https:\/\/eurogaleria.sk\/wp-content\/uploads\/2019\/07\/Vt\u00e1\u010dik-The-bird-300x279.jpg 300w, https:\/\/eurogaleria.sk\/wp-content\/uploads\/2019\/07\/Vt\u00e1\u010dik-The-bird-768x715.jpg 768w, https:\/\/eurogaleria.sk\/wp-content\/uploads\/2019\/07\/Vt\u00e1\u010dik-The-bird-1024x953.jpg 1024w, https:\/\/eurogaleria.sk\/wp-content\/uploads\/2019\/07\/Vt\u00e1\u010dik-The-bird-500x466.jpg 500w, https:\/\/eurogaleria.sk\/wp-content\/uploads\/2019\/07\/Vt\u00e1\u010dik-The-bird-800x745.jpg 800w\" \/>            <\/a>\n                <\/div>\n<\/div>\n\n<figcaption class=\"vp-portfolio__item-overlay vp-portfolio__item-align-center\">\n    <a                    href=\"https:\/\/eurogaleria.sk\/wp-content\/uploads\/2019\/07\/Vt\u00e1\u010dik-The-bird.jpg\"\n                            class=\"vp-portfolio__item-meta\">\n\n                                    <h2 class=\"vp-portfolio__item-meta-title\">\n                    Vt\u00e1\u010dik (The bird)                <\/h2>\n                                <ul class=\"vp-portfolio__item-meta-categories\">\n                                            <li class=\"vp-portfolio__item-meta-category\">\n                            <span>Porcel\u00e1n<\/span>\n                        <\/li>\n                                        <\/ul>\n                            <\/a>\n<\/figcaption>\n            <\/figure>\n        <\/div>\n        \n        <div class=\"vp-portfolio__item-wrap\" data-vp-filter=\"porcelan\">\n                            <div class=\"vp-portfolio__item-popup\"\n                    style=\"display: none;\"\n                    data-vp-popup-img=\"https:\/\/eurogaleria.sk\/wp-content\/uploads\/2019\/07\/Diev\u010datko-s-kyticou-Girl-with-bucket-of-flowers.jpg\"\n                    data-vp-popup-img-size=\"1000x1124\"\n                    data-vp-popup-md-img=\"https:\/\/eurogaleria.sk\/wp-content\/uploads\/2019\/07\/Diev\u010datko-s-kyticou-Girl-with-bucket-of-flowers-712x800.jpg\"\n                    data-vp-popup-md-img-size=\"712x800\"\n                >\n                                            <h3 class=\"vp-portfolio__item-popup-title\">Diev\u010datko s kyticou (Girl with bucket of flowers)<\/h3>\n                                                <div class=\"vp-portfolio__item-popup-description\">Geobel Wilhelmsfeld ,  Nemecko, Cena: 370 USD<\/div>\n                                        <\/div>\n                            <figure class=\"vp-portfolio__item\">\n                \n<div class=\"vp-portfolio__item-img-wrap\">\n    <div class=\"vp-portfolio__item-img\">\n                    <a href=\"https:\/\/eurogaleria.sk\/wp-content\/uploads\/2019\/07\/Diev\u010datko-s-kyticou-Girl-with-bucket-of-flowers.jpg\"\n                            >\n                <noscript><img width=\"1000\" height=\"1124\" src=\"https:\/\/eurogaleria.sk\/wp-content\/uploads\/2019\/07\/Diev\u010datko-s-kyticou-Girl-with-bucket-of-flowers.jpg\" class=\"attachment-vp_xl size-vp_xl\" alt=\"\" srcset=\"https:\/\/eurogaleria.sk\/wp-content\/uploads\/2019\/07\/Diev\u010datko-s-kyticou-Girl-with-bucket-of-flowers.jpg 1000w, https:\/\/eurogaleria.sk\/wp-content\/uploads\/2019\/07\/Diev\u010datko-s-kyticou-Girl-with-bucket-of-flowers-267x300.jpg 267w, https:\/\/eurogaleria.sk\/wp-content\/uploads\/2019\/07\/Diev\u010datko-s-kyticou-Girl-with-bucket-of-flowers-768x863.jpg 768w, https:\/\/eurogaleria.sk\/wp-content\/uploads\/2019\/07\/Diev\u010datko-s-kyticou-Girl-with-bucket-of-flowers-911x1024.jpg 911w, https:\/\/eurogaleria.sk\/wp-content\/uploads\/2019\/07\/Diev\u010datko-s-kyticou-Girl-with-bucket-of-flowers-445x500.jpg 445w, https:\/\/eurogaleria.sk\/wp-content\/uploads\/2019\/07\/Diev\u010datko-s-kyticou-Girl-with-bucket-of-flowers-712x800.jpg 712w\" sizes=\"(max-width: 1000px) 100vw, 1000px\" \/><\/noscript>\n                <img width=\"1000\" height=\"1124\" src=\"data:image\/png;base64,iVBORw0KGgoAAAANSUhEUgAAA+gAAARkAQMAAADbuKyKAAAAA1BMVEUAAP+KeNJXAAAAAXRSTlMAQObYZgAAAJ9JREFUeNrtwQEBAAAAgiD\/r25IQAEAAAAAAAAAAAAAAAAAAAAAAAAAAAAAAAAAAAAAAAAAAAAAAAAAAAAAAAAAAAAAAAAAAAAAAAAAAAAAAAAAAAAAAAAAAAAAAAAAAAAAAAAAAAAAAAAAAAAAAAAAAAAAAAAAAAAAAAAAAAAAAAAAAAAAAAAAAAAAAAAAAAAAAAAAAAAAAAAAAAAAfBkpVgABT3FfWAAAAABJRU5ErkJggg==\" class=\"attachment-vp_xl size-vp_xl visual-portfolio-lazyload\" alt=\"\" data-vpf-src=\"https:\/\/eurogaleria.sk\/wp-content\/uploads\/2019\/07\/Diev\u010datko-s-kyticou-Girl-with-bucket-of-flowers.jpg\" data-vpf-sizes=\"auto\" data-vpf-srcset=\"https:\/\/eurogaleria.sk\/wp-content\/uploads\/2019\/07\/Diev\u010datko-s-kyticou-Girl-with-bucket-of-flowers.jpg 1000w, https:\/\/eurogaleria.sk\/wp-content\/uploads\/2019\/07\/Diev\u010datko-s-kyticou-Girl-with-bucket-of-flowers-267x300.jpg 267w, https:\/\/eurogaleria.sk\/wp-content\/uploads\/2019\/07\/Diev\u010datko-s-kyticou-Girl-with-bucket-of-flowers-768x863.jpg 768w, https:\/\/eurogaleria.sk\/wp-content\/uploads\/2019\/07\/Diev\u010datko-s-kyticou-Girl-with-bucket-of-flowers-911x1024.jpg 911w, https:\/\/eurogaleria.sk\/wp-content\/uploads\/2019\/07\/Diev\u010datko-s-kyticou-Girl-with-bucket-of-flowers-445x500.jpg 445w, https:\/\/eurogaleria.sk\/wp-content\/uploads\/2019\/07\/Diev\u010datko-s-kyticou-Girl-with-bucket-of-flowers-712x800.jpg 712w\" \/>            <\/a>\n                <\/div>\n<\/div>\n\n<figcaption class=\"vp-portfolio__item-overlay vp-portfolio__item-align-center\">\n    <a                    href=\"https:\/\/eurogaleria.sk\/wp-content\/uploads\/2019\/07\/Diev\u010datko-s-kyticou-Girl-with-bucket-of-flowers.jpg\"\n                            class=\"vp-portfolio__item-meta\">\n\n                                    <h2 class=\"vp-portfolio__item-meta-title\">\n                    Diev\u010datko s kyticou (Girl with bucket of flowers)                <\/h2>\n                                <ul class=\"vp-portfolio__item-meta-categories\">\n                                            <li class=\"vp-portfolio__item-meta-category\">\n                            <span>Porcel\u00e1n<\/span>\n                        <\/li>\n                                        <\/ul>\n                            <\/a>\n<\/figcaption>\n            <\/figure>\n        <\/div>\n                    <\/div>\n        <\/div>\n\n        \n                <div class=\"vp-portfolio__pagination-wrap\">\n        \n<ul class=\"vp-pagination vp-pagination__no-more vp-pagination__align-center vp-pagination__style-default\" data-vp-pagination-type=\"load-more\">\n    <li class=\"vp-pagination__item\">\n        <a class=\"vp-pagination__load-more\" href=\"\">\n            <span>Na\u010d\u00edta\u0165 viac<\/span>\n            <span class=\"vp-pagination__load-more-loading\"><span class=\"vp-spinner\"><i><\/i><\/span><span class=\"sr-only\"> Loading more...<\/span><\/span>\n            <span class=\"vp-pagination__load-more-no-more\">Ste na konci zoznamu.<\/span>\n        <\/a>\n    <\/li>\n<\/ul>\n        <\/div>\n        \n        <\/div>\n\n        <\/div>\n","protected":false},"excerpt":{"rendered":"<p>Firma Eurogal\u00e9ria sa aktu\u00e1lne zaober\u00e1 predajom staro\u017eitnost\u00ed a zberate\u013esk\u00fdch predmetov. Po\u0161tovn\u00e9, baln\u00e9, da\u0148, autorsk\u00e1 odmena a in\u00e9 poplatky s\u00fa zahrnut\u00e9 v celkovej v\u00fdslednej cene. V pr\u00edpade, ak V\u00e1s nie\u010do z na\u0161ej ponuky oslovilo, kontaktujte n\u00e1s na eurogaleria@eurogaleria.sk . Aktu\u00e1lna ponuka:<\/p>\n","protected":false},"author":3,"featured_media":0,"parent":0,"menu_order":0,"comment_status":"closed","ping_status":"closed","template":"","meta":[],"_links":{"self":[{"href":"https:\/\/eurogaleria.sk\/index.php?rest_route=\/wp\/v2\/pages\/241"}],"collection":[{"href":"https:\/\/eurogaleria.sk\/index.php?rest_route=\/wp\/v2\/pages"}],"about":[{"href":"https:\/\/eurogaleria.sk\/index.php?rest_route=\/wp\/v2\/types\/page"}],"author":[{"embeddable":true,"href":"https:\/\/eurogaleria.sk\/index.php?rest_route=\/wp\/v2\/users\/3"}],"replies":[{"embeddable":true,"href":"https:\/\/eurogaleria.sk\/index.php?rest_route=%2Fwp%2Fv2%2Fcomments&post=241"}],"version-history":[{"count":6,"href":"https:\/\/eurogaleria.sk\/index.php?rest_route=\/wp\/v2\/pages\/241\/revisions"}],"predecessor-version":[{"id":361,"href":"https:\/\/eurogaleria.sk\/index.php?rest_route=\/wp\/v2\/pages\/241\/revisions\/361"}],"wp:attachment":[{"href":"https:\/\/eurogaleria.sk\/index.php?rest_route=%2Fwp%2Fv2%2Fmedia&parent=241"}],"curies":[{"name":"wp","href":"https:\/\/api.w.org\/{rel}","templated":true}]}}